{"id":2181,"date":"2017-07-31T15:23:28","date_gmt":"2017-07-31T15:23:28","guid":{"rendered":"http:\/\/www.finquesalbert.com\/empresa\/"},"modified":"2017-07-31T15:35:25","modified_gmt":"2017-07-31T15:35:25","slug":"enterprise","status":"publish","type":"page","link":"https:\/\/www.finquesalbert.com\/fr\/enterprise\/","title":{"rendered":"Enterprise"},"content":{"rendered":"<p>Finques \u00ab\u00a0ALBERT\u00a0\u00bb\u00ae est une enterprise familiale laquelle d\u00e8s 1970 on d\u00e9die a LOCATION POUR DES VACANCES \u00c0 LA PLAGE DE CALAFELL.<\/p>\n<p>L\u2019\u00e9volution qu\u2019a connue le secteur nous a oblig\u00e9s \u00e0 faire un effort consid\u00e9rable pour nous mettre \u00e0 jour, afin d\u2019offrir \u00e0 nos clients actuels et futurs des VACANCES CONFORTABLES.<\/p>\n<p>Votre confiance en nous ne sera pas d\u00e9\u00e7ue, nous ferons en sorte que vous trouviez le logement que vous souhaitez, soyez avec CONFORT DE HAUT NIVEAU, AVEC PISCINE, GARAGE ET ZONES DE LOISIRS, entre autres, ou quelque chose de plus SIMPLE, respectant toujours un certain niveau de qualit\u00e9, indispensable aujourd\u2019hui pour une p\u00e9riode aussi importante que les VACANCES.<\/p>\n<p>Les prix varient \u00e9galement en fonction de l\u2019appartement que vous recherchez, de vos n\u00e9cessit\u00e9s et de votre budget. Chez Finques Albert\u00ae, nous trouverons presque \u00e0 coup s\u00fbr une solution \u00e0 votre mesure. N\u2019h\u00e9sitez pas \u00e0 nous faire signe et sans aucun engagement de votre part, nous mettrons notre professionnalisme, notre discr\u00e9tion et notre rigueur \u00e0 votre service.<\/p>\n<p style=\"text-align: center;\">\u00c9thique et professionnalisme<br \/>\nEsther T\u00e0pias-N\u00faria Tapias<\/p>\n<p style=\"text-align: center;\"><img loading=\"lazy\" class=\"alignnone size-full wp-image-2177\" src=\"https:\/\/www.finquesalbert.com\/wp-content\/uploads\/2017\/07\/logo_api.png\" alt=\"\" width=\"160\" height=\"73\" \/><\/p>\n<p style=\"text-align: center;\">Membres de la corporation officielle des AGENTS DE LA PROPRI\u00c9T\u00c9 IMMOBILI\u00c8RE.<\/p>\n","protected":false},"excerpt":{"rendered":"<p>Finques \u00ab\u00a0ALBERT\u00a0\u00bb\u00ae est une enterprise familiale laquelle d\u00e8s 1970 on d\u00e9die a LOCATION POUR DES VACANCES \u00c0 LA PLAGE DE CALAFELL. L\u2019\u00e9volution qu\u2019a connue le secteur nous a oblig\u00e9s \u00e0 faire un effort consid\u00e9rable pour nous mettre \u00e0 jour, afin d\u2019offrir \u00e0 nos clients actuels et futurs des VACANCES CONFORTABLES. Votre confiance en nous ne [&hellip;]<\/p>\n","protected":false},"author":1,"featured_media":0,"parent":0,"menu_order":0,"comment_status":"closed","ping_status":"closed","template":"","meta":[],"_links":{"self":[{"href":"https:\/\/www.finquesalbert.com\/fr\/wp-json\/wp\/v2\/pages\/2181"}],"collection":[{"href":"https:\/\/www.finquesalbert.com\/fr\/wp-json\/wp\/v2\/pages"}],"about":[{"href":"https:\/\/www.finquesalbert.com\/fr\/wp-json\/wp\/v2\/types\/page"}],"author":[{"embeddable":true,"href":"https:\/\/www.finquesalbert.com\/fr\/wp-json\/wp\/v2\/users\/1"}],"replies":[{"embeddable":true,"href":"https:\/\/www.finquesalbert.com\/fr\/wp-json\/wp\/v2\/comments?post=2181"}],"version-history":[{"count":1,"href":"https:\/\/www.finquesalbert.com\/fr\/wp-json\/wp\/v2\/pages\/2181\/revisions"}],"predecessor-version":[{"id":2184,"href":"https:\/\/www.finquesalbert.com\/fr\/wp-json\/wp\/v2\/pages\/2181\/revisions\/2184"}],"wp:attachment":[{"href":"https:\/\/www.finquesalbert.com\/fr\/wp-json\/wp\/v2\/media?parent=2181"}],"curies":[{"name":"wp","href":"https:\/\/api.w.org\/{rel}","templated":true}]}}