{"id":2207,"date":"2016-12-02T02:27:28","date_gmt":"2016-12-02T02:27:28","guid":{"rendered":"http:\/\/www.finquesalbert.com\/contacto\/"},"modified":"2017-08-31T16:09:48","modified_gmt":"2017-08-31T16:09:48","slug":"contact","status":"publish","type":"page","link":"https:\/\/www.finquesalbert.com\/fr\/contact\/","title":{"rendered":"Contact"},"content":{"rendered":"<p>[vc_row full_width=\u00a0\u00bbstretch_row_content_no_spaces\u00a0\u00bb][vc_column][g5plus_google_map markers=\u00a0\u00bb%5B%7B%22lat%22%3A%2241.187033%22%2C%22lng%22%3A%221.572103%22%2C%22title%22%3A%22Calafell%20Platja%22%2C%22icon%22%3A%222196%22%7D%5D\u00a0\u00bb map_height=\u00a0\u00bb545px\u00a0\u00bb css_animation=\u00a0\u00bbbounceInDown\u00a0\u00bb][\/vc_column][\/vc_row][vc_row][vc_column][g5plus_space desktop=\u00a0\u00bb100&Prime; tablet=\u00a0\u00bb80&Prime; tablet_portrait=\u00a0\u00bb60&Prime; mobile_landscape=\u00a0\u00bb50&Prime; mobile=\u00a0\u00bb40&Prime;][\/vc_column][vc_column offset=\u00a0\u00bbvc_col-md-6&Prime;][g5plus_heading layout_style=\u00a0\u00bbstyle2&Prime; title=\u00a0\u00bbEnvoie-nous un message\u00a0\u00bb css=\u00a0\u00bb.vc_custom_1504195701878{margin-bottom: 37px !important;}\u00a0\u00bb]<div role=\"form\" class=\"wpcf7\" id=\"wpcf7-f2211-o1\" lang=\"es-ES\" dir=\"ltr\">\n<div class=\"screen-reader-response\"><p role=\"status\" aria-live=\"polite\" aria-atomic=\"true\"><\/p> <ul><\/ul><\/div>\n<form action=\"\/fr\/wp-json\/wp\/v2\/pages\/2207#wpcf7-f2211-o1\" method=\"post\" class=\"wpcf7-form init\" novalidate=\"novalidate\" data-status=\"init\">\n<div style=\"display: none;\">\n<input type=\"hidden\" name=\"_wpcf7\" value=\"2211\" \/>\n<input type=\"hidden\" name=\"_wpcf7_version\" value=\"5.5.6.1\" \/>\n<input type=\"hidden\" name=\"_wpcf7_locale\" value=\"es_ES\" \/>\n<input type=\"hidden\" name=\"_wpcf7_unit_tag\" value=\"wpcf7-f2211-o1\" \/>\n<input type=\"hidden\" name=\"_wpcf7_container_post\" value=\"0\" \/>\n<input type=\"hidden\" name=\"_wpcf7_posted_data_hash\" value=\"\" \/>\n<\/div>\n<div class=\"g5plus-contact-form column-3 row text-center\">\n<div class=\"col-md-6 col-sm-12 col-xs-12\">\n<span class=\"wpcf7-form-control-wrap your-name\"><input type=\"text\" name=\"your-name\" value=\"\" size=\"40\" class=\"wpcf7-form-control wpcf7-text\" aria-invalid=\"false\" placeholder=\"Votre nom\" \/><\/span>\n<\/div>\n<div class=\"col-md-6 col-sm-12 col-xs-12\">\n<span class=\"wpcf7-form-control-wrap your-email\"><input type=\"email\" name=\"your-email\" value=\"\" size=\"40\" class=\"wpcf7-form-control wpcf7-text wpcf7-email wpcf7-validates-as-required wpcf7-validates-as-email\" aria-required=\"true\" aria-invalid=\"false\" placeholder=\"Email address\" \/><\/span>\n<\/div>\n<div class=\"col-xs-12\">\n<span class=\"wpcf7-form-control-wrap your-message\"><textarea name=\"your-message\" cols=\"40\" rows=\"10\" class=\"wpcf7-form-control wpcf7-textarea\" aria-invalid=\"false\" placeholder=\"Votre message\"><\/textarea><\/span>\n<\/div>\n<div class=\"col-xs-12\"><span class=\"wpcf7-form-control-wrap kc_captcha\"><span class=\"wpcf7-form-control wpcf7-radio\"> \n    <span class=\"captcha-image\" >\n        <span class=\"cf7ic_instructions\">Veuillez prouver que vous \u00eates humain en s\u00e9lectionnant <span> Cl\u00e9<\/span>.<\/span><label><input type=\"radio\" name=\"kc_captcha\" value=\"bot\" \/><svg width=\"50\" height=\"50\" aria-hidden=\"true\" role=\"img\" xmlns=\"https:\/\/www.w3.org\/2000\/svg\" viewBox=\"0 0 576 512\"><path fill=\"currentColor\" d=\"M415 24c-53 0-103 42-127 65-24-23-74-65-127-65C70 24 16 77 16 166c0 72 67 133 69 135l187 181c9 8 23 8 32 0l187-180c2-3 69-64 69-136 0-89-54-142-145-142z\"\/><\/svg><\/label><label><input type=\"radio\" name=\"kc_captcha\" value=\"bot\" \/><svg width=\"50\" height=\"50\" aria-hidden=\"true\" role=\"img\" xmlns=\"https:\/\/www.w3.org\/2000\/svg\" viewBox=\"0 0 512 512\"><path fill=\"currentColor\" d=\"M500 168h-55l-8-21a127 127 0 00-120-83H195a127 127 0 00-120 83l-8 21H12c-8 0-14 8-11 16l8 24a12 12 0 0011 8h29a64 64 0 00-33 56v48c0 16 6 31 16 42v62c0 13 11 24 24 24h48c13 0 24-11 24-24v-40h256v40c0 13 11 24 24 24h48c13 0 24-11 24-24v-62c10-11 16-26 16-42v-48c0-24-13-45-33-56h29a12 12 0 0011-8l8-24c3-8-3-16-11-16zm-365 2c9-25 33-42 60-42h122c27 0 51 17 60 42l15 38H120l15-38zM88 328a32 32 0 010-64c18 0 48 30 48 48s-30 16-48 16zm336 0c-18 0-48 2-48-16s30-48 48-48 32 14 32 32-14 32-32 32z\"\/><\/svg><\/label><label><input type=\"radio\" name=\"kc_captcha\" value=\"kc_human\" \/><svg width=\"50\" height=\"50\" aria-hidden=\"true\" role=\"img\" xmlns=\"https:\/\/www.w3.org\/2000\/svg\" viewBox=\"0 0 512 512\"><path fill=\"currentColor\" d=\"M512 176a176 176 0 01-209 173l-24 27a24 24 0 01-18 8h-37v40c0 13-11 24-24 24h-40v40c0 13-11 24-24 24H24c-13 0-24-11-24-24v-78c0-6 3-13 7-17l162-162a176 176 0 11343-55zm-176-48a48 48 0 1096 0 48 48 0 00-96 0z\"\/><\/svg><\/label>\n    <\/span>\n    <span style=\"display:none\">\n        <input type=\"text\" name=\"kc_honeypot\">\n    <\/span><\/span><\/span><\/div>\n<div class=\"col-xs-12\">\n<button type=\"submit\" class=\"btn btn-lg btn-dark btn-classic btn-icon\" ><i class=\"fa fa-paper-plane\"><\/i><span>Envoyer<\/span><\/button>\n<\/div>\n<\/div>\n<div class=\"wpcf7-response-output\" aria-hidden=\"true\"><\/div><\/form><\/div>[\/vc_column][vc_column offset=\u00a0\u00bbvc_col-md-6&Prime;][g5plus_heading layout_style=\u00a0\u00bbstyle2&Prime; title=\u00a0\u00bbO\u00f9 sommes-nous\u00a0\u00bb css=\u00a0\u00bb.vc_custom_1504195713485{margin-bottom: 33px !important;}\u00a0\u00bb][vc_raw_html]JTNDdWwlMjBjbGFzcyUzRCUyMmZvb3Rlci1nZXQtaW4tdG91Y2glMjIlM0UlMEElM0NsaSUzRSUzQ3NwYW4lMjBjbGFzcyUzRCUyMnRleHQtY29sb3ItYWNjZW50JTIwZmElMjBmYS1tYXAtbWFya2VyJTIyJTNFJTNDJTJGc3BhbiUzRSUzQ3NwYW4lM0VQYXNzZWlnJTIwTWFyJUMzJUFEdGltJTIwZGUlMjBTYW50JTIwSm9hbiUyMGRlJTIwRCVDMyVBOXUlMkMlMjA2NSUzQ2JyJTNFNDM4MjAlMjBQTEFHRSUyMERFJTIwQ0FMQUZFTEwlM0MlMkZzcGFuJTNFJTNDJTJGbGklM0UlMEElMDklM0NsaSUzRSUzQ3NwYW4lMjBjbGFzcyUzRCUyMnRleHQtY29sb3ItYWNjZW50JTIwZmElMjBmYS1waG9uZSUyMiUzRSUzQyUyRnNwYW4lM0UlM0NzcGFuJTNFJTI4JTJCMzQlMjklMjA5NzclMjA2OTAlMjA2MTElM0MlMkZzcGFuJTNFJTNDJTJGbGklM0UlMEElMDklM0NsaSUzRSUzQ3NwYW4lMjBjbGFzcyUzRCUyMnRleHQtY29sb3ItYWNjZW50JTIwZmElMjBmYS1mYXglMjIlM0UlM0MlMkZzcGFuJTNFJTNDc3BhbiUzRSUyOCUyQjM0JTI5JTIwOTc3JTIwNjkwJTIwNzExJTNDJTJGc3BhbiUzRSUzQyUyRmxpJTNFJTBBJTA5JTNDbGklM0UlM0NzcGFuJTIwY2xhc3MlM0QlMjJ0ZXh0LWNvbG9yLWFjY2VudCUyMGZhJTIwZmEtZW52ZWxvcGUlMjIlM0UlM0MlMkZzcGFuJTNFJTNDc3BhbiUzRWluZm8lNDBmaW5xdWVzYWxiZXJ0LmNvbSUzQyUyRnNwYW4lM0UlM0MlMkZsaSUzRSUwQSUzQyUyRnVsJTNF[\/vc_raw_html][\/vc_column][\/vc_row][vc_row][vc_column][vc_empty_space height=\u00a0\u00bb64px\u00a0\u00bb][\/vc_column][\/vc_row]<\/p>\n","protected":false},"excerpt":{"rendered":"<p>[vc_row full_width=\u00a0\u00bbstretch_row_content_no_spaces\u00a0\u00bb][vc_column][g5plus_google_map markers=\u00a0\u00bb%5B%7B%22lat%22%3A%2241.187033%22%2C%22lng%22%3A%221.572103%22%2C%22title%22%3A%22Calafell%20Platja%22%2C%22icon%22%3A%222196%22%7D%5D\u00a0\u00bb map_height=\u00a0\u00bb545px\u00a0\u00bb css_animation=\u00a0\u00bbbounceInDown\u00a0\u00bb][\/vc_column][\/vc_row][vc_row][vc_column][g5plus_space desktop=\u00a0\u00bb100&Prime; tablet=\u00a0\u00bb80&Prime; tablet_portrait=\u00a0\u00bb60&Prime; mobile_landscape=\u00a0\u00bb50&Prime; mobile=\u00a0\u00bb40&Prime;][\/vc_column][vc_column offset=\u00a0\u00bbvc_col-md-6&Prime;][g5plus_heading layout_style=\u00a0\u00bbstyle2&Prime; title=\u00a0\u00bbEnvoie-nous un message\u00a0\u00bb css=\u00a0\u00bb.vc_custom_1504195701878{margin-bottom: 37px !important;}\u00a0\u00bb][\/vc_column][vc_column offset=\u00a0\u00bbvc_col-md-6&Prime;][g5plus_heading layout_style=\u00a0\u00bbstyle2&Prime; title=\u00a0\u00bbO\u00f9 sommes-nous\u00a0\u00bb css=\u00a0\u00bb.vc_custom_1504195713485{margin-bottom: 33px !important;}\u00a0\u00bb][vc_raw_html]JTNDdWwlMjBjbGFzcyUzRCUyMmZvb3Rlci1nZXQtaW4tdG91Y2glMjIlM0UlMEElM0NsaSUzRSUzQ3NwYW4lMjBjbGFzcyUzRCUyMnRleHQtY29sb3ItYWNjZW50JTIwZmElMjBmYS1tYXAtbWFya2VyJTIyJTNFJTNDJTJGc3BhbiUzRSUzQ3NwYW4lM0VQYXNzZWlnJTIwTWFyJUMzJUFEdGltJTIwZGUlMjBTYW50JTIwSm9hbiUyMGRlJTIwRCVDMyVBOXUlMkMlMjA2NSUzQ2JyJTNFNDM4MjAlMjBQTEFHRSUyMERFJTIwQ0FMQUZFTEwlM0MlMkZzcGFuJTNFJTNDJTJGbGklM0UlMEElMDklM0NsaSUzRSUzQ3NwYW4lMjBjbGFzcyUzRCUyMnRleHQtY29sb3ItYWNjZW50JTIwZmElMjBmYS1waG9uZSUyMiUzRSUzQyUyRnNwYW4lM0UlM0NzcGFuJTNFJTI4JTJCMzQlMjklMjA5NzclMjA2OTAlMjA2MTElM0MlMkZzcGFuJTNFJTNDJTJGbGklM0UlMEElMDklM0NsaSUzRSUzQ3NwYW4lMjBjbGFzcyUzRCUyMnRleHQtY29sb3ItYWNjZW50JTIwZmElMjBmYS1mYXglMjIlM0UlM0MlMkZzcGFuJTNFJTNDc3BhbiUzRSUyOCUyQjM0JTI5JTIwOTc3JTIwNjkwJTIwNzExJTNDJTJGc3BhbiUzRSUzQyUyRmxpJTNFJTBBJTA5JTNDbGklM0UlM0NzcGFuJTIwY2xhc3MlM0QlMjJ0ZXh0LWNvbG9yLWFjY2VudCUyMGZhJTIwZmEtZW52ZWxvcGUlMjIlM0UlM0MlMkZzcGFuJTNFJTNDc3BhbiUzRWluZm8lNDBmaW5xdWVzYWxiZXJ0LmNvbSUzQyUyRnNwYW4lM0UlM0MlMkZsaSUzRSUwQSUzQyUyRnVsJTNF[\/vc_raw_html][\/vc_column][\/vc_row][vc_row][vc_column][vc_empty_space height=\u00a0\u00bb64px\u00a0\u00bb][\/vc_column][\/vc_row]<\/p>\n","protected":false},"author":1,"featured_media":0,"parent":0,"menu_order":0,"comment_status":"closed","ping_status":"closed","template":"","meta":[],"_links":{"self":[{"href":"https:\/\/www.finquesalbert.com\/fr\/wp-json\/wp\/v2\/pages\/2207"}],"collection":[{"href":"https:\/\/www.finquesalbert.com\/fr\/wp-json\/wp\/v2\/pages"}],"about":[{"href":"https:\/\/www.finquesalbert.com\/fr\/wp-json\/wp\/v2\/types\/page"}],"author":[{"embeddable":true,"href":"https:\/\/www.finquesalbert.com\/fr\/wp-json\/wp\/v2\/users\/1"}],"replies":[{"embeddable":true,"href":"https:\/\/www.finquesalbert.com\/fr\/wp-json\/wp\/v2\/comments?post=2207"}],"version-history":[{"count":4,"href":"https:\/\/www.finquesalbert.com\/fr\/wp-json\/wp\/v2\/pages\/2207\/revisions"}],"predecessor-version":[{"id":2572,"href":"https:\/\/www.finquesalbert.com\/fr\/wp-json\/wp\/v2\/pages\/2207\/revisions\/2572"}],"wp:attachment":[{"href":"https:\/\/www.finquesalbert.com\/fr\/wp-json\/wp\/v2\/media?parent=2207"}],"curies":[{"name":"wp","href":"https:\/\/api.w.org\/{rel}","templated":true}]}}